{"id":9495,"date":"2024-09-24T11:46:18","date_gmt":"2024-09-24T08:16:18","guid":{"rendered":"https:\/\/ervindaneshazma.com\/?post_type=product&#038;p=9495"},"modified":"2025-10-15T12:04:47","modified_gmt":"2025-10-15T08:34:47","slug":"%d8%b3%d9%84-%da%a9%d8%a7%d9%86%d8%aa%d8%b1-%d8%b3%db%8c%d8%b3%d9%85%da%a9%d8%b3-xp-300-%d9%be%d8%a7%d8%b1%d8%b4%db%8c%d8%a7%d9%84-%d8%af%db%8c%d9%81-%d8%b1%db%8c%d9%81%d8%b1%d8%a8%db%8c%d8%b4%d8%af","status":"publish","type":"product","link":"https:\/\/ervindaneshazma.com\/en\/product\/%d8%b3%d9%84-%da%a9%d8%a7%d9%86%d8%aa%d8%b1-%d8%b3%db%8c%d8%b3%d9%85%da%a9%d8%b3-xp-300-%d9%be%d8%a7%d8%b1%d8%b4%db%8c%d8%a7%d9%84-%d8%af%db%8c%d9%81-%d8%b1%db%8c%d9%81%d8%b1%d8%a8%db%8c%d8%b4%d8%af\/","title":{"rendered":"\u0633\u0644 \u06a9\u0627\u0646\u062a\u0631 \u0633\u06cc\u0633\u0645\u06a9\u0633 XP-300 \u067e\u0627\u0631\u0634\u06cc\u0627\u0644 \u062f\u06cc\u0641 \u0631\u06cc\u0641\u0631\u0628\u06cc\u0634\u062f | Sysmex XP-300 Refurbished"},"content":{"rendered":"<h1>\u0633\u0644 \u06a9\u0627\u0646\u062a\u0631 \u0633\u06cc\u0633\u0645\u06a9\u0633 XP-300 \u067e\u0627\u0631\u0634\u06cc\u0627\u0644 \u062f\u06cc\u0641 \u0631\u06cc\u0641\u0631\u0628\u06cc\u0634\u062f | Sysmex XP-300 Refurbished<\/h1>\n<ul>\n<li style=\"text-align: justify;\"><span style=\"color: #333399;\"><strong>\u06a9\u0634\u0648\u0631 \u0633\u0627\u0632\u0646\u062f\u0647: \u0698\u0627\u067e\u0646<\/strong><\/span><\/li>\n<li style=\"text-align: justify;\"><span style=\"color: #333399;\"><strong>\u0627\u0628\u0639\u0627\u062f: (D\u00d7W\u00d7H) 35.5\u00d742\u00d748 \u0633\u0627\u0646\u062a\u06cc \u0645\u062a\u0631<\/strong><\/span><\/li>\n<li style=\"text-align: justify;\"><span style=\"color: #333399;\"><strong>\u0648\u0632\u0646: 30 \u06a9\u06cc\u0644\u0648\u06af\u0631\u0645<\/strong><\/span><\/li>\n<li style=\"text-align: justify;\"><span style=\"color: #333399;\"><strong>\u062d\u062c\u0645 \u0646\u0645\u0648\u0646\u0647 \u0645\u0648\u0631\u062f \u0646\u06cc\u0627\u0632: 50 \u0645\u06cc\u06a9\u0631\u0648\u0644\u06cc\u062a\u0631 \u062f\u0631 \u062d\u0627\u0644\u062a \u062e\u0648\u0646 \u06a9\u0627\u0645\u0644 \/ 20 \u0645\u06cc\u06a9\u0631\u0648\u0644\u06cc\u062a\u0631 \u062f\u0631 \u062d\u0627\u0644\u062a \u0631\u0642\u06cc\u0642 \u0634\u062f\u0647<\/strong><\/span><\/li>\n<li style=\"text-align: justify;\"><span style=\"color: #333399;\"><strong>\u0628\u0627\u0632\u062f\u0647\u06cc: \u062a\u0627 60 \u0646\u0645\u0648\u0646\u0647 \u062f\u0631 \u0633\u0627\u0639\u062a<\/strong><\/span><\/li>\n<li style=\"text-align: justify;\"><span style=\"color: #333399;\"><strong>\u062a\u0639\u062f\u0627\u062f \u067e\u0627\u0631\u0627\u0645\u062a\u0631\u0647\u0627\u06cc \u0642\u0627\u0628\u0644 \u0627\u0646\u062f\u0627\u0632\u0647 \u06af\u06cc\u0631\u06cc: 20 \u067e\u0627\u0631\u0627\u0645\u062a\u0631<\/strong><\/span><\/li>\n<\/ul>\n<p>&nbsp;<\/p>\n<p style=\"text-align: center;\"><a href=\"https:\/\/ervindaneshazma.com\/brochures\/hematology\/SYSMEX%20XP300.pdf\" class=\"su-button su-button-style-default\" style=\"color:#fff;background-color:#50c4ed;border-color:#409dbe;border-radius:5px\" target=\"_self\"><span style=\"color:#fff;padding:7px 20px;font-size:16px;line-height:24px;border-color:#85d6f3;border-radius:5px;text-shadow:none\"><i class=\"sui sui-download\" style=\"font-size:16px;color:#FFFFFF\"><\/i> \u062f\u0631\u06cc\u0627\u0641\u062a \u06a9\u0627\u062a\u0627\u0644\u0648\u06af<\/span><\/a>\n<p style=\"text-align: justify;\">\n","protected":false},"excerpt":{"rendered":"<p><span style=\"color: #333399;\"><strong>\u062f\u0633\u062a\u06af\u0627\u0647: \u0633\u0644 \u06a9\u0627\u0646\u062a\u0631<\/strong><\/span><\/p>\n<p><span style=\"color: #333399;\"><strong>\u0645\u062f\u0644: XP-300 \u067e\u0627\u0631\u0634\u06cc\u0627\u0644 \u062f\u06cc\u0641 \u0631\u06cc\u0641\u0631\u0628\u06cc\u0634\u062f &#8230; <\/p>\n","protected":false},"featured_media":9496,"comment_status":"open","ping_status":"closed","template":"","meta":[],"product_brand":[],"product_cat":[1739,1506,1530],"product_tag":[1750],"class_list":{"0":"post-9495","1":"product","2":"type-product","3":"status-publish","4":"has-post-thumbnail","6":"codevz_brands-sysmex","7":"product_cat-cell-counter","8":"product_cat-hematology","9":"product_cat-human","10":"product_tag-----sysmex","12":"first","13":"instock","14":"shipping-taxable","15":"product-type-simple"},"_links":{"self":[{"href":"https:\/\/ervindaneshazma.com\/en\/wp-json\/wp\/v2\/product\/9495","targetHints":{"allow":["GET"]}}],"collection":[{"href":"https:\/\/ervindaneshazma.com\/en\/wp-json\/wp\/v2\/product"}],"about":[{"href":"https:\/\/ervindaneshazma.com\/en\/wp-json\/wp\/v2\/types\/product"}],"replies":[{"embeddable":true,"href":"https:\/\/ervindaneshazma.com\/en\/wp-json\/wp\/v2\/comments?post=9495"}],"wp:featuredmedia":[{"embeddable":true,"href":"https:\/\/ervindaneshazma.com\/en\/wp-json\/wp\/v2\/media\/9496"}],"wp:attachment":[{"href":"https:\/\/ervindaneshazma.com\/en\/wp-json\/wp\/v2\/media?parent=9495"}],"wp:term":[{"taxonomy":"product_brand","embeddable":true,"href":"https:\/\/ervindaneshazma.com\/en\/wp-json\/wp\/v2\/product_brand?post=9495"},{"taxonomy":"product_cat","embeddable":true,"href":"https:\/\/ervindaneshazma.com\/en\/wp-json\/wp\/v2\/product_cat?post=9495"},{"taxonomy":"product_tag","embeddable":true,"href":"https:\/\/ervindaneshazma.com\/en\/wp-json\/wp\/v2\/product_tag?post=9495"}],"curies":[{"name":"wp","href":"https:\/\/api.w.org\/{rel}","templated":true}]}}